{"id":10782,"date":"2025-12-10T13:39:25","date_gmt":"2025-12-10T13:39:25","guid":{"rendered":"https:\/\/heynedarderrealestate.com\/aviso-legal\/"},"modified":"2025-12-20T12:03:07","modified_gmt":"2025-12-20T12:03:07","slug":"rechtlicher-hinweis","status":"publish","type":"page","link":"https:\/\/heynedarderrealestate.com\/de\/rechtlicher-hinweis\/","title":{"rendered":"Rechtlicher Hinweis"},"content":{"rendered":"\n<h2 class=\"wp-block-heading\">Informationen zum Eigent\u00fcmer der Website<\/h2>\n\n\n\n<p>In \u00dcbereinstimmung mit dem Gesetz 34\/2002 (LSSI-CE):<\/p>\n\n\n\n<p>GRUPO EMPRESARIAL HEYNE &amp; DARDER S.L.<br>NIF: B23951700<br>Adresse: C\/ Batle Carbonell 28, 07181 Bendinat<br>E-Mail: office@heyne-darder.com<br>Telefon: +34 689 28 36 56 \/ +34 680 71 25 98<br>Website: https:\/\/heynedarderrealestate.com<\/p>\n\n\n\n<h2 class=\"wp-block-heading\">Zweck der Website<\/h2>\n\n\n\n<p>Diese Website dient folgenden Zwecken:<\/p>\n\n\n\n<p>Bereitstellung von Informationen \u00fcber Immobilien.<br>Kontakt zwischen Nutzern und Immobilienmaklern.<br>Promotion von Dienstleistungen im Immobiliensektor.<\/p>\n\n\n\n<h2 class=\"wp-block-heading\">Nutzungsbedingungen<\/h2>\n\n\n\n<p>Der Nutzer verpflichtet sich:<\/p>\n\n\n\n<p>Die Website rechtm\u00e4\u00dfig und respektvoll zu nutzen.<br>Nicht zu versuchen, Sicherheitssysteme zu umgehen.<br>Die Kontaktformulare nicht betr\u00fcgerisch zu verwenden.<\/p>\n\n\n\n<p>HEYNE &amp; DARDER beh\u00e4lt sich das Recht vor, Nutzern, die gegen diese Regeln versto\u00dfen, den Zugang zu entziehen.<\/p>\n\n\n\n<h2 class=\"wp-block-heading\">Geistiges und gewerbliches Eigentum<\/h2>\n\n\n\n<p>Alle Inhalte dieser Website (Texte, Bilder, Videos, Logos, Design und Code) geh\u00f6ren HEYNE &amp; DARDER oder deren rechtm\u00e4\u00dfigen Eigent\u00fcmern.<\/p>\n\n\n\n<p>Die vollst\u00e4ndige oder teilweise Reproduktion ohne Genehmigung ist untersagt.<\/p>\n\n\n\n<h2 class=\"wp-block-heading\">Haftung<\/h2>\n\n\n\n<p>HEYNE &amp; DARDER \u00fcbernimmt keine Garantie f\u00fcr:<\/p>\n\n\n\n<p>Die st\u00e4ndige Verf\u00fcgbarkeit der Website<br>Die Abwesenheit technischer Fehler<br>Die absolute Genauigkeit der Immobilieninformationen (kann sich je nach Anbieter \u00e4ndern)<\/p>\n\n\n\n<p>HEYNE &amp; DARDER ist nicht verantwortlich f\u00fcr die Nutzung der Inhalte durch die Nutzer.<\/p>\n\n\n\n<h2 class=\"wp-block-heading\">Externe Links<\/h2>\n\n\n\n<p>Diese Website kann Links zu externen Seiten enthalten.<br>HEYNE &amp; DARDER \u00fcbernimmt keine Verantwortung f\u00fcr deren Inhalt oder rechtliche Konformit\u00e4t.<\/p>\n\n\n\n<h2 class=\"wp-block-heading\">Anwendbares Recht<\/h2>\n\n\n\n<p>Dieser rechtliche Hinweis unterliegt:<\/p>\n\n\n\n<p>Spanischem Recht<br>Vorschriften der Europ\u00e4ischen Union<br>Gerichtsbarkeit von Palma de Mallorca<\/p>\n","protected":false},"excerpt":{"rendered":"<p>Informationen zum Eigent\u00fcmer der Website In \u00dcbereinstimmung mit dem Gesetz 34\/2002 (LSSI-CE): GRUPO EMPRESARIAL HEYNE &amp; DARDER S.L.NIF: B23951700Adresse: C\/ Batle Carbonell 28, 07181 BendinatE-Mail: office@heyne-darder.comTelefon: +34 689 28 36 56 \/ +34 680 71 25 98Website: https:\/\/heynedarderrealestate.com Zweck der Website Diese Website dient folgenden Zwecken: Bereitstellung von Informationen \u00fcber Immobilien.Kontakt zwischen Nutzern und Immobilienmaklern.Promotion [&hellip;]<\/p>\n","protected":false},"author":1,"featured_media":0,"parent":0,"menu_order":0,"comment_status":"closed","ping_status":"closed","template":"","meta":{"_acf_changed":false,"footnotes":""},"class_list":["post-10782","page","type-page","status-publish","hentry"],"acf":[],"yoast_head":"<!-- This site is optimized with the Yoast SEO plugin v26.9 - https:\/\/yoast.com\/product\/yoast-seo-wordpress\/ -->\n<title>Rechtlicher Hinweis - Heyne &amp; Darder | Exclusive Real Estate<\/title>\n<meta name=\"robots\" content=\"index, follow, max-snippet:-1, max-image-preview:large, max-video-preview:-1\" \/>\n<link rel=\"canonical\" href=\"https:\/\/heynedarderrealestate.com\/de\/rechtlicher-hinweis\/\" \/>\n<meta property=\"og:locale\" content=\"de_DE\" \/>\n<meta property=\"og:type\" content=\"article\" \/>\n<meta property=\"og:title\" content=\"Rechtlicher Hinweis - Heyne &amp; Darder | Exclusive Real Estate\" \/>\n<meta property=\"og:description\" content=\"Informationen zum Eigent\u00fcmer der Website In \u00dcbereinstimmung mit dem Gesetz 34\/2002 (LSSI-CE): GRUPO EMPRESARIAL HEYNE &amp; DARDER S.L.NIF: B23951700Adresse: C\/ Batle Carbonell 28, 07181 BendinatE-Mail: office@heyne-darder.comTelefon: +34 689 28 36 56 \/ +34 680 71 25 98Website: https:\/\/heynedarderrealestate.com Zweck der Website Diese Website dient folgenden Zwecken: Bereitstellung von Informationen \u00fcber Immobilien.Kontakt zwischen Nutzern und Immobilienmaklern.Promotion [&hellip;]\" \/>\n<meta property=\"og:url\" content=\"https:\/\/heynedarderrealestate.com\/de\/rechtlicher-hinweis\/\" \/>\n<meta property=\"og:site_name\" content=\"Heyne &amp; Darder | Exclusive Real Estate\" \/>\n<meta property=\"article:publisher\" content=\"https:\/\/www.facebook.com\/profile.php?id=100064828940635&amp;locale=es_ES\" \/>\n<meta property=\"article:modified_time\" content=\"2025-12-20T12:03:07+00:00\" \/>\n<meta name=\"twitter:card\" content=\"summary_large_image\" \/>\n<meta name=\"twitter:label1\" content=\"Gesch\u00e4tzte Lesezeit\" \/>\n\t<meta name=\"twitter:data1\" content=\"1\u00a0Minute\" \/>\n<script type=\"application\/ld+json\" class=\"yoast-schema-graph\">{\"@context\":\"https:\/\/schema.org\",\"@graph\":[{\"@type\":\"WebPage\",\"@id\":\"https:\/\/heynedarderrealestate.com\/de\/rechtlicher-hinweis\/\",\"url\":\"https:\/\/heynedarderrealestate.com\/de\/rechtlicher-hinweis\/\",\"name\":\"Rechtlicher Hinweis - Heyne &amp; Darder | Exclusive Real Estate\",\"isPartOf\":{\"@id\":\"https:\/\/heynedarderrealestate.com\/#website\"},\"datePublished\":\"2025-12-10T13:39:25+00:00\",\"dateModified\":\"2025-12-20T12:03:07+00:00\",\"breadcrumb\":{\"@id\":\"https:\/\/heynedarderrealestate.com\/de\/rechtlicher-hinweis\/#breadcrumb\"},\"inLanguage\":\"de\",\"potentialAction\":[{\"@type\":\"ReadAction\",\"target\":[\"https:\/\/heynedarderrealestate.com\/de\/rechtlicher-hinweis\/\"]}]},{\"@type\":\"BreadcrumbList\",\"@id\":\"https:\/\/heynedarderrealestate.com\/de\/rechtlicher-hinweis\/#breadcrumb\",\"itemListElement\":[{\"@type\":\"ListItem\",\"position\":1,\"name\":\"Portada\",\"item\":\"https:\/\/heynedarderrealestate.com\/\"},{\"@type\":\"ListItem\",\"position\":2,\"name\":\"Rechtlicher Hinweis\"}]},{\"@type\":\"WebSite\",\"@id\":\"https:\/\/heynedarderrealestate.com\/#website\",\"url\":\"https:\/\/heynedarderrealestate.com\/\",\"name\":\"Heyne & Darder | Exclusive Real Estate\",\"description\":\"Discover exclusive properties in Mallorca \u2014 villas, penthouses and dream homes with sea or mountain views. Heyne &amp; Darder Real Estate provides personalized guidance, curated listings and international service. Explore now and find your perfect Mallorca home.\",\"publisher\":{\"@id\":\"https:\/\/heynedarderrealestate.com\/#organization\"},\"potentialAction\":[{\"@type\":\"SearchAction\",\"target\":{\"@type\":\"EntryPoint\",\"urlTemplate\":\"https:\/\/heynedarderrealestate.com\/?s={search_term_string}\"},\"query-input\":{\"@type\":\"PropertyValueSpecification\",\"valueRequired\":true,\"valueName\":\"search_term_string\"}}],\"inLanguage\":\"de\"},{\"@type\":\"Organization\",\"@id\":\"https:\/\/heynedarderrealestate.com\/#organization\",\"name\":\"Heyne & Darder | Exclusive Real Estate\",\"url\":\"https:\/\/heynedarderrealestate.com\/\",\"logo\":{\"@type\":\"ImageObject\",\"inLanguage\":\"de\",\"@id\":\"https:\/\/heynedarderrealestate.com\/#\/schema\/logo\/image\/\",\"url\":\"https:\/\/heynedarderrealestate.com\/wp-content\/uploads\/2025\/11\/Recurso-5HEYNEDARDER.png\",\"contentUrl\":\"https:\/\/heynedarderrealestate.com\/wp-content\/uploads\/2025\/11\/Recurso-5HEYNEDARDER.png\",\"width\":226,\"height\":230,\"caption\":\"Heyne & Darder | Exclusive Real Estate\"},\"image\":{\"@id\":\"https:\/\/heynedarderrealestate.com\/#\/schema\/logo\/image\/\"},\"sameAs\":[\"https:\/\/www.facebook.com\/profile.php?id=100064828940635&locale=es_ES\",\"https:\/\/www.instagram.com\/heyne_darder_real_estate\/\"]}]}<\/script>\n<!-- \/ Yoast SEO plugin. -->","yoast_head_json":{"title":"Rechtlicher Hinweis - Heyne &amp; Darder | Exclusive Real Estate","robots":{"index":"index","follow":"follow","max-snippet":"max-snippet:-1","max-image-preview":"max-image-preview:large","max-video-preview":"max-video-preview:-1"},"canonical":"https:\/\/heynedarderrealestate.com\/de\/rechtlicher-hinweis\/","og_locale":"de_DE","og_type":"article","og_title":"Rechtlicher Hinweis - Heyne &amp; Darder | Exclusive Real Estate","og_description":"Informationen zum Eigent\u00fcmer der Website In \u00dcbereinstimmung mit dem Gesetz 34\/2002 (LSSI-CE): GRUPO EMPRESARIAL HEYNE &amp; DARDER S.L.NIF: B23951700Adresse: C\/ Batle Carbonell 28, 07181 BendinatE-Mail: office@heyne-darder.comTelefon: +34 689 28 36 56 \/ +34 680 71 25 98Website: https:\/\/heynedarderrealestate.com Zweck der Website Diese Website dient folgenden Zwecken: Bereitstellung von Informationen \u00fcber Immobilien.Kontakt zwischen Nutzern und Immobilienmaklern.Promotion [&hellip;]","og_url":"https:\/\/heynedarderrealestate.com\/de\/rechtlicher-hinweis\/","og_site_name":"Heyne &amp; Darder | Exclusive Real Estate","article_publisher":"https:\/\/www.facebook.com\/profile.php?id=100064828940635&locale=es_ES","article_modified_time":"2025-12-20T12:03:07+00:00","twitter_card":"summary_large_image","twitter_misc":{"Gesch\u00e4tzte Lesezeit":"1\u00a0Minute"},"schema":{"@context":"https:\/\/schema.org","@graph":[{"@type":"WebPage","@id":"https:\/\/heynedarderrealestate.com\/de\/rechtlicher-hinweis\/","url":"https:\/\/heynedarderrealestate.com\/de\/rechtlicher-hinweis\/","name":"Rechtlicher Hinweis - Heyne &amp; Darder | Exclusive Real Estate","isPartOf":{"@id":"https:\/\/heynedarderrealestate.com\/#website"},"datePublished":"2025-12-10T13:39:25+00:00","dateModified":"2025-12-20T12:03:07+00:00","breadcrumb":{"@id":"https:\/\/heynedarderrealestate.com\/de\/rechtlicher-hinweis\/#breadcrumb"},"inLanguage":"de","potentialAction":[{"@type":"ReadAction","target":["https:\/\/heynedarderrealestate.com\/de\/rechtlicher-hinweis\/"]}]},{"@type":"BreadcrumbList","@id":"https:\/\/heynedarderrealestate.com\/de\/rechtlicher-hinweis\/#breadcrumb","itemListElement":[{"@type":"ListItem","position":1,"name":"Portada","item":"https:\/\/heynedarderrealestate.com\/"},{"@type":"ListItem","position":2,"name":"Rechtlicher Hinweis"}]},{"@type":"WebSite","@id":"https:\/\/heynedarderrealestate.com\/#website","url":"https:\/\/heynedarderrealestate.com\/","name":"Heyne & Darder | Exclusive Real Estate","description":"Discover exclusive properties in Mallorca \u2014 villas, penthouses and dream homes with sea or mountain views. Heyne &amp; Darder Real Estate provides personalized guidance, curated listings and international service. Explore now and find your perfect Mallorca home.","publisher":{"@id":"https:\/\/heynedarderrealestate.com\/#organization"},"potentialAction":[{"@type":"SearchAction","target":{"@type":"EntryPoint","urlTemplate":"https:\/\/heynedarderrealestate.com\/?s={search_term_string}"},"query-input":{"@type":"PropertyValueSpecification","valueRequired":true,"valueName":"search_term_string"}}],"inLanguage":"de"},{"@type":"Organization","@id":"https:\/\/heynedarderrealestate.com\/#organization","name":"Heyne & Darder | Exclusive Real Estate","url":"https:\/\/heynedarderrealestate.com\/","logo":{"@type":"ImageObject","inLanguage":"de","@id":"https:\/\/heynedarderrealestate.com\/#\/schema\/logo\/image\/","url":"https:\/\/heynedarderrealestate.com\/wp-content\/uploads\/2025\/11\/Recurso-5HEYNEDARDER.png","contentUrl":"https:\/\/heynedarderrealestate.com\/wp-content\/uploads\/2025\/11\/Recurso-5HEYNEDARDER.png","width":226,"height":230,"caption":"Heyne & Darder | Exclusive Real Estate"},"image":{"@id":"https:\/\/heynedarderrealestate.com\/#\/schema\/logo\/image\/"},"sameAs":["https:\/\/www.facebook.com\/profile.php?id=100064828940635&locale=es_ES","https:\/\/www.instagram.com\/heyne_darder_real_estate\/"]}]}},"_links":{"self":[{"href":"https:\/\/heynedarderrealestate.com\/de\/wp-json\/wp\/v2\/pages\/10782","targetHints":{"allow":["GET"]}}],"collection":[{"href":"https:\/\/heynedarderrealestate.com\/de\/wp-json\/wp\/v2\/pages"}],"about":[{"href":"https:\/\/heynedarderrealestate.com\/de\/wp-json\/wp\/v2\/types\/page"}],"author":[{"embeddable":true,"href":"https:\/\/heynedarderrealestate.com\/de\/wp-json\/wp\/v2\/users\/1"}],"replies":[{"embeddable":true,"href":"https:\/\/heynedarderrealestate.com\/de\/wp-json\/wp\/v2\/comments?post=10782"}],"version-history":[{"count":0,"href":"https:\/\/heynedarderrealestate.com\/de\/wp-json\/wp\/v2\/pages\/10782\/revisions"}],"wp:attachment":[{"href":"https:\/\/heynedarderrealestate.com\/de\/wp-json\/wp\/v2\/media?parent=10782"}],"curies":[{"name":"wp","href":"https:\/\/api.w.org\/{rel}","templated":true}]}}