{"id":10755,"date":"2025-11-26T10:37:03","date_gmt":"2025-11-26T10:37:03","guid":{"rendered":"https:\/\/heynedarderrealestate.com\/sobre-nosotros\/"},"modified":"2025-12-11T16:05:01","modified_gmt":"2025-12-11T16:05:01","slug":"ueber-uns","status":"publish","type":"page","link":"https:\/\/heynedarderrealestate.com\/de\/ueber-uns\/","title":{"rendered":"\u00dcber uns"},"content":{"rendered":"\t\t<div data-elementor-type=\"wp-page\" data-elementor-id=\"10755\" class=\"elementor elementor-10755 elementor-7583\" data-elementor-post-type=\"page\">\n\t\t\t\t<div class=\"elementor-element elementor-element-ff44cc5 e-con-full e-flex elementor-invisible e-con e-parent\" data-id=\"ff44cc5\" data-element_type=\"container\" data-settings=\"{&quot;animation_mobile&quot;:&quot;fadeInUp&quot;,&quot;background_background&quot;:&quot;classic&quot;,&quot;animation&quot;:&quot;fadeInDown&quot;}\">\n\t\t\t\t<\/div>\n\t\t<div class=\"elementor-element elementor-element-2ebdf72 e-flex e-con-boxed elementor-invisible e-con e-parent\" data-id=\"2ebdf72\" data-element_type=\"container\" data-settings=\"{&quot;animation&quot;:&quot;fadeInUp&quot;,&quot;background_background&quot;:&quot;classic&quot;}\">\n\t\t\t\t\t<div class=\"e-con-inner\">\n\t\t<div class=\"elementor-element elementor-element-0249505 e-con-full e-flex e-con e-child\" data-id=\"0249505\" data-element_type=\"container\">\n\t\t\t\t<div class=\"elementor-element elementor-element-c52e7cd elementor-widget__width-initial elementor-widget elementor-widget-image\" data-id=\"c52e7cd\" data-element_type=\"widget\" data-widget_type=\"image.default\">\n\t\t\t\t\t\t\t\t\t\t\t\t\t\t\t<img decoding=\"async\" width=\"1\" height=\"1\" src=\"https:\/\/heynedarderrealestate.com\/wp-content\/uploads\/2025\/12\/Recurso-1.svg\" class=\"attachment-medium_large size-medium_large wp-image-8181\" alt=\"\" \/>\t\t\t\t\t\t\t\t\t\t\t\t\t\t\t<\/div>\n\t\t\t\t<div class=\"elementor-element elementor-element-4b7fd8c elementor-widget elementor-widget-heading\" data-id=\"4b7fd8c\" data-element_type=\"widget\" data-widget_type=\"heading.default\">\n\t\t\t\t\t<h1 class=\"elementor-heading-title elementor-size-default\">Wer wir sind<\/h1>\t\t\t\t<\/div>\n\t\t\t\t<div class=\"elementor-element elementor-element-5d32042 elementor-widget__width-initial elementor-widget elementor-widget-text-editor\" data-id=\"5d32042\" data-element_type=\"widget\" data-widget_type=\"text-editor.default\">\n\t\t\t\t\t\t\t\t\t<p>Heyne &amp; Darder ist eine Immobilienagentur, die sich auf exklusive Immobilien auf Mallorca spezialisiert hat. Wir verbinden Erfahrung, Transparenz und einen pers\u00f6nlichen Service, um einen anspruchsvollen und kundenorientierten Ansatz zu bieten. Unser Engagement besteht darin, jeden Kunden mit Hingabe, Fachwissen und der Sicherheit zu begleiten, mit Profis zusammenzuarbeiten, die den Markt und das Wesen der Insel genau kennen.<\/p>\t\t\t\t\t\t\t\t<\/div>\n\t\t\t\t<\/div>\n\t\t\t\t\t<\/div>\n\t\t\t\t<\/div>\n\t\t<div class=\"elementor-element elementor-element-171481c e-flex e-con-boxed elementor-invisible e-con e-parent\" data-id=\"171481c\" data-element_type=\"container\" data-settings=\"{&quot;animation&quot;:&quot;fadeInUp&quot;}\">\n\t\t\t\t\t<div class=\"e-con-inner\">\n\t\t<div class=\"elementor-element elementor-element-ce6abe1 e-con-full e-flex e-con e-child\" data-id=\"ce6abe1\" data-element_type=\"container\">\n\t\t\t\t<div class=\"elementor-element elementor-element-f4a8285 elementor-widget elementor-widget-heading\" data-id=\"f4a8285\" data-element_type=\"widget\" data-widget_type=\"heading.default\">\n\t\t\t\t\t<h2 class=\"elementor-heading-title elementor-size-default\">Managing Partner<\/h2>\t\t\t\t<\/div>\n\t\t\t\t<div class=\"elementor-element elementor-element-444cbcf elementor-widget elementor-widget-heading\" data-id=\"444cbcf\" data-element_type=\"widget\" data-widget_type=\"heading.default\">\n\t\t\t\t\t<h3 class=\"elementor-heading-title elementor-size-default\">JOAN DARDER MATEU<\/h3>\t\t\t\t<\/div>\n\t\t\t\t<div class=\"elementor-element elementor-element-d5a426c elementor-widget elementor-widget-text-editor\" data-id=\"d5a426c\" data-element_type=\"widget\" data-widget_type=\"text-editor.default\">\n\t\t\t\t\t\t\t\t\t<p>Die Laufbahn von Joan Darder zeichnet sich durch eine einzigartige Verbindung aus sozialer Sensibilit\u00e4t und professioneller Immobilienkompetenz aus.<\/p><p>Nach seinen Anf\u00e4ngen im sozialen Bereich entschied er sich, seinen Horizont zu erweitern und sich im Immobiliensektor auszubilden. Er erwarb die Qualifikation als Immobilienmakler (API) sowie als Experte f\u00fcr Geldw\u00e4schepr\u00e4vention.<\/p><p>Seine erste gro\u00dfe Erfahrung im Immobiliensektor sammelte er in einer der f\u00fchrenden Agenturen im Baix Llobregat, wo er seine technische und kommerzielle Expertise vertiefte.<\/p><p>Nach seiner R\u00fcckkehr nach Mallorca gr\u00fcndete er seine eigene Immobilienagentur und engagierte sich parallel intensiv im sozialen Bereich, was ihn zum Vizepr\u00e4sidenten eines der bedeutendsten Verb\u00e4nde der Insel f\u00fchrte. Seitdem verbindet er beide Bereiche erfolgreich, indem er menschliches Engagement mit der dokumentarischen und rechtlichen Pr\u00e4zision vereint, die seine aktuelle Arbeit auszeichnet.<\/p><p>Mit mehr als sechs Jahren Branchenerfahrung ist Joan spezialisiert auf Dokumentenmanagement, Immobilienbewertungen, Marktanalysen sowie die rechtlichen Aspekte jeder Transaktion. Seine Empathie, Genauigkeit und analytische Denkweise stellen sicher, dass f\u00fcr ihn stets die Menschen im Mittelpunkt stehen \u2013 weit \u00fcber die Immobilien hinaus.<\/p><p>Als geb\u00fcrtiger Mallorquiner mit Ausbildung in Barcelona vereint er tiefes Wissen \u00fcber den lokalen Markt mit einer breiten, wettbewerbsorientierten Perspektive. Er spricht Katalanisch, Spanisch und Englisch und interessiert sich besonders f\u00fcr Immobilieninvestitionen, Gesetzgebung und Marktanalysen.<\/p><p><strong>\u201eMehr als Immobilien zu verkaufen, begleite ich Menschen bei einer der wichtigsten Entscheidungen ihres Lebens.\u201c<\/strong><\/p>\t\t\t\t\t\t\t\t<\/div>\n\t\t\t\t<div class=\"elementor-element elementor-element-a4d4766 elementor-align-left elementor-widget elementor-widget-button\" data-id=\"a4d4766\" data-element_type=\"widget\" data-widget_type=\"button.default\">\n\t\t\t\t\t\t\t\t\t\t<a class=\"elementor-button elementor-button-link elementor-size-sm\" href=\"https:\/\/heynedarderrealestate.com\/de\/kontakt\/\">\n\t\t\t\t\t\t<span class=\"elementor-button-content-wrapper\">\n\t\t\t\t\t\t<span class=\"elementor-button-icon\">\n\t\t\t\t<svg aria-hidden=\"true\" class=\"e-font-icon-svg e-fas-info-circle\" viewBox=\"0 0 512 512\" xmlns=\"http:\/\/www.w3.org\/2000\/svg\"><path d=\"M256 8C119.043 8 8 119.083 8 256c0 136.997 111.043 248 248 248s248-111.003 248-248C504 119.083 392.957 8 256 8zm0 110c23.196 0 42 18.804 42 42s-18.804 42-42 42-42-18.804-42-42 18.804-42 42-42zm56 254c0 6.627-5.373 12-12 12h-88c-6.627 0-12-5.373-12-12v-24c0-6.627 5.373-12 12-12h12v-64h-12c-6.627 0-12-5.373-12-12v-24c0-6.627 5.373-12 12-12h64c6.627 0 12 5.373 12 12v100h12c6.627 0 12 5.373 12 12v24z\"><\/path><\/svg>\t\t\t<\/span>\n\t\t\t\t\t\t\t\t\t<span class=\"elementor-button-text\">Rufen Sie uns jetzt an<\/span>\n\t\t\t\t\t<\/span>\n\t\t\t\t\t<\/a>\n\t\t\t\t\t\t\t\t<\/div>\n\t\t\t\t<\/div>\n\t\t<div class=\"elementor-element elementor-element-a7360ac e-con-full e-flex e-con e-child\" data-id=\"a7360ac\" data-element_type=\"container\" data-settings=\"{&quot;background_background&quot;:&quot;slideshow&quot;,&quot;background_slideshow_slide_duration&quot;:2500,&quot;background_slideshow_gallery&quot;:[],&quot;background_slideshow_loop&quot;:&quot;yes&quot;,&quot;background_slideshow_slide_transition&quot;:&quot;fade&quot;,&quot;background_slideshow_transition_duration&quot;:500}\">\n\t\t<div class=\"elementor-element elementor-element-7ba58c7 e-con-full e-flex e-con e-child\" data-id=\"7ba58c7\" data-element_type=\"container\" data-settings=\"{&quot;background_background&quot;:&quot;slideshow&quot;,&quot;background_slideshow_gallery&quot;:[{&quot;id&quot;:9067,&quot;url&quot;:&quot;https:\\\/\\\/heynedarderrealestate.com\\\/wp-content\\\/uploads\\\/2025\\\/12\\\/Joan-Darder-Agente-inmobiliario-de-propiedades-exclusiva-en-Mallorca.jpg&quot;},{&quot;id&quot;:9070,&quot;url&quot;:&quot;https:\\\/\\\/heynedarderrealestate.com\\\/wp-content\\\/uploads\\\/2025\\\/12\\\/Joan-Darder-Agente-inmobiliario-de-propiedades-exclusiva-en-Palma.jpg&quot;},{&quot;id&quot;:9073,&quot;url&quot;:&quot;https:\\\/\\\/heynedarderrealestate.com\\\/wp-content\\\/uploads\\\/2025\\\/12\\\/Joan-Darder-Agente-inmobiliario-de-propiedades-en-Calvia.jpg&quot;}],&quot;background_slideshow_slide_duration&quot;:2500,&quot;sticky&quot;:&quot;top&quot;,&quot;sticky_offset&quot;:70,&quot;sticky_parent&quot;:&quot;yes&quot;,&quot;background_slideshow_loop&quot;:&quot;yes&quot;,&quot;background_slideshow_slide_transition&quot;:&quot;fade&quot;,&quot;background_slideshow_transition_duration&quot;:500,&quot;sticky_on&quot;:[&quot;desktop&quot;,&quot;tablet&quot;,&quot;mobile&quot;],&quot;sticky_effects_offset&quot;:0,&quot;sticky_anchor_link_offset&quot;:0}\">\n\t\t\t\t<\/div>\n\t\t\t\t<\/div>\n\t\t\t\t\t<\/div>\n\t\t\t\t<\/div>\n\t\t<div class=\"elementor-element elementor-element-e679dee e-flex e-con-boxed elementor-invisible e-con e-parent\" data-id=\"e679dee\" data-element_type=\"container\" data-settings=\"{&quot;animation&quot;:&quot;fadeInUp&quot;}\">\n\t\t\t\t\t<div class=\"e-con-inner\">\n\t\t<div class=\"elementor-element elementor-element-edbfeff e-con-full e-flex e-con e-child\" data-id=\"edbfeff\" data-element_type=\"container\">\n\t\t\t\t<div class=\"elementor-element elementor-element-363d067 elementor-widget elementor-widget-heading\" data-id=\"363d067\" data-element_type=\"widget\" data-widget_type=\"heading.default\">\n\t\t\t\t\t<h2 class=\"elementor-heading-title elementor-size-default\">Managing Partner<\/h2>\t\t\t\t<\/div>\n\t\t\t\t<div class=\"elementor-element elementor-element-b95b7ec elementor-widget elementor-widget-heading\" data-id=\"b95b7ec\" data-element_type=\"widget\" data-widget_type=\"heading.default\">\n\t\t\t\t\t<h3 class=\"elementor-heading-title elementor-size-default\">CYRIL GORDON HEYNE<\/h3>\t\t\t\t<\/div>\n\t\t\t\t<div class=\"elementor-element elementor-element-89f1100 elementor-widget elementor-widget-text-editor\" data-id=\"89f1100\" data-element_type=\"widget\" data-widget_type=\"text-editor.default\">\n\t\t\t\t\t\t\t\t\t<p>Cyril Heyne ist ein Immobilienexperte mit langj\u00e4hriger Erfahrung im Luxussegment und einem tiefen Verst\u00e4ndnis des mallorquinischen Immobilienmarktes. Seine Leidenschaft f\u00fcr Architektur, Design und exklusive Immobilien f\u00fchrte ihn 2015 zur Gr\u00fcndung seiner ersten Agentur in Palma, nachdem er seine Karriere 2004 in Deutschland als Immobilienmanagement-Techniker begonnen und sp\u00e4ter seine eigene Agentur in Stuttgart gef\u00fchrt hatte.<\/p><p>Im Laufe seiner beruflichen Laufbahn hat er mehrere Unternehmen im Immobiliensektor sowohl in Deutschland als auch in Spanien gegr\u00fcndet und geleitet, darunter eine Hausverwaltungsfirma in Stuttgart. Im Jahr 2023 entschied er sich, sich vollst\u00e4ndig seiner wahren Berufung zu widmen: der Vermittlung hochwertiger Immobilien auf Mallorca. Gemeinsam mit Joan Darder trieb er die Weiterentwicklung von HEYNE &amp; DARDER Exclusive Real Estate voran. 2024 erweiterte er seine Ausbildung als Immobilienmakler und erhielt offizielle Akkreditierungen in Deutschland und Spanien.<\/p><p>Cyril zeichnet sich durch seine pr\u00e4zise Suche nach einzigartigen und unverwechselbaren Immobilien aus, die den anspruchsvollen und exklusiven Lebensstil Mallorcas widerspiegeln. Von zeitgen\u00f6ssischen Villen mit Meerblick bis hin zu historischen H\u00e4usern voller Charakter \u2013 sein Anspruch ist es, dass jede Immobilie die h\u00f6chsten Standards an Qualit\u00e4t und Exklusivit\u00e4t erf\u00fcllt. Sein Ansatz ist zutiefst pers\u00f6nlich: Er h\u00f6rt zu, versteht und interpretiert die Bed\u00fcrfnisse jedes Kunden, um Wohnerlebnisse zu schaffen, die weit \u00fcber einen einfachen Kauf hinausgehen.<\/p><p>Mit tadelloser Arbeitsethik, N\u00e4he und Diskretion ist Cyril zu einer vertrauensw\u00fcrdigen Pers\u00f6nlichkeit im mallorquinischen Luxusimmobilienmarkt geworden. Er spricht Deutsch, Englisch und Spanisch und verbindet seine internationale Erfahrung mit einer echten Leidenschaft f\u00fcr Architektur und Design.<\/p><p>\u201eJede exklusive Immobilie ist eine Gelegenheit, ein neues Zuhause zu entdecken und au\u00dfergew\u00f6hnliche Lebensmomente zu schaffen.\u201c<\/p>\t\t\t\t\t\t\t\t<\/div>\n\t\t\t\t<div class=\"elementor-element elementor-element-5739910 elementor-align-left elementor-widget elementor-widget-button\" data-id=\"5739910\" data-element_type=\"widget\" data-widget_type=\"button.default\">\n\t\t\t\t\t\t\t\t\t\t<a class=\"elementor-button elementor-button-link elementor-size-sm\" href=\"https:\/\/heynedarderrealestate.com\/de\/kontakt\/\">\n\t\t\t\t\t\t<span class=\"elementor-button-content-wrapper\">\n\t\t\t\t\t\t<span class=\"elementor-button-icon\">\n\t\t\t\t<svg aria-hidden=\"true\" class=\"e-font-icon-svg e-fas-info-circle\" viewBox=\"0 0 512 512\" xmlns=\"http:\/\/www.w3.org\/2000\/svg\"><path d=\"M256 8C119.043 8 8 119.083 8 256c0 136.997 111.043 248 248 248s248-111.003 248-248C504 119.083 392.957 8 256 8zm0 110c23.196 0 42 18.804 42 42s-18.804 42-42 42-42-18.804-42-42 18.804-42 42-42zm56 254c0 6.627-5.373 12-12 12h-88c-6.627 0-12-5.373-12-12v-24c0-6.627 5.373-12 12-12h12v-64h-12c-6.627 0-12-5.373-12-12v-24c0-6.627 5.373-12 12-12h64c6.627 0 12 5.373 12 12v100h12c6.627 0 12 5.373 12 12v24z\"><\/path><\/svg>\t\t\t<\/span>\n\t\t\t\t\t\t\t\t\t<span class=\"elementor-button-text\">Kontaktieren Sie uns<\/span>\n\t\t\t\t\t<\/span>\n\t\t\t\t\t<\/a>\n\t\t\t\t\t\t\t\t<\/div>\n\t\t\t\t<\/div>\n\t\t<div class=\"elementor-element elementor-element-dacc382 e-con-full e-flex e-con e-child\" data-id=\"dacc382\" data-element_type=\"container\" data-settings=\"{&quot;background_background&quot;:&quot;slideshow&quot;,&quot;background_slideshow_slide_duration&quot;:2500,&quot;background_slideshow_gallery&quot;:[],&quot;background_slideshow_loop&quot;:&quot;yes&quot;,&quot;background_slideshow_slide_transition&quot;:&quot;fade&quot;,&quot;background_slideshow_transition_duration&quot;:500}\">\n\t\t<div class=\"elementor-element elementor-element-620f640 e-con-full e-flex e-con e-child\" data-id=\"620f640\" data-element_type=\"container\" data-settings=\"{&quot;background_background&quot;:&quot;slideshow&quot;,&quot;background_slideshow_gallery&quot;:[{&quot;id&quot;:9086,&quot;url&quot;:&quot;https:\\\/\\\/heynedarderrealestate.com\\\/wp-content\\\/uploads\\\/2025\\\/12\\\/Cyril-Gordon-Heyne-exclusive-real-state-agent-in-Palma-de-Mallorca.jpg&quot;},{&quot;id&quot;:9077,&quot;url&quot;:&quot;https:\\\/\\\/heynedarderrealestate.com\\\/wp-content\\\/uploads\\\/2025\\\/12\\\/Cyril-Heyne-real-state-agent-in-Palma-de-Mallorca.jpg&quot;},{&quot;id&quot;:9080,&quot;url&quot;:&quot;https:\\\/\\\/heynedarderrealestate.com\\\/wp-content\\\/uploads\\\/2025\\\/12\\\/Cyril-Heyne-exclusive-real-state-agent-in-Calvia.jpg&quot;}],&quot;background_slideshow_slide_duration&quot;:2500,&quot;sticky&quot;:&quot;top&quot;,&quot;sticky_offset&quot;:70,&quot;sticky_parent&quot;:&quot;yes&quot;,&quot;background_slideshow_loop&quot;:&quot;yes&quot;,&quot;background_slideshow_slide_transition&quot;:&quot;fade&quot;,&quot;background_slideshow_transition_duration&quot;:500,&quot;sticky_on&quot;:[&quot;desktop&quot;,&quot;tablet&quot;,&quot;mobile&quot;],&quot;sticky_effects_offset&quot;:0,&quot;sticky_anchor_link_offset&quot;:0}\">\n\t\t\t\t<\/div>\n\t\t\t\t<\/div>\n\t\t\t\t\t<\/div>\n\t\t\t\t<\/div>\n\t\t\t\t<\/div>\n\t\t","protected":false},"excerpt":{"rendered":"<p>Wer wir sind Heyne &amp; Darder ist eine Immobilienagentur, die sich auf exklusive Immobilien auf Mallorca spezialisiert hat. Wir verbinden Erfahrung, Transparenz und einen pers\u00f6nlichen Service, um einen anspruchsvollen und kundenorientierten Ansatz zu bieten. Unser Engagement besteht darin, jeden Kunden mit Hingabe, Fachwissen und der Sicherheit zu begleiten, mit Profis zusammenzuarbeiten, die den Markt und [&hellip;]<\/p>\n","protected":false},"author":1,"featured_media":0,"parent":0,"menu_order":0,"comment_status":"closed","ping_status":"closed","template":"elementor_header_footer","meta":{"_acf_changed":false,"footnotes":""},"class_list":["post-10755","page","type-page","status-publish","hentry"],"acf":[],"yoast_head":"<!-- This site is optimized with the Yoast SEO plugin v26.9 - https:\/\/yoast.com\/product\/yoast-seo-wordpress\/ -->\n<title>\u00dcber uns - Heyne &amp; Darder | Exclusive Real Estate<\/title>\n<meta name=\"robots\" content=\"index, follow, max-snippet:-1, max-image-preview:large, max-video-preview:-1\" \/>\n<link rel=\"canonical\" href=\"https:\/\/heynedarderrealestate.com\/de\/ueber-uns\/\" \/>\n<meta property=\"og:locale\" content=\"de_DE\" \/>\n<meta property=\"og:type\" content=\"article\" \/>\n<meta property=\"og:title\" content=\"\u00dcber uns - Heyne &amp; Darder | Exclusive Real Estate\" \/>\n<meta property=\"og:description\" content=\"Wer wir sind Heyne &amp; Darder ist eine Immobilienagentur, die sich auf exklusive Immobilien auf Mallorca spezialisiert hat. Wir verbinden Erfahrung, Transparenz und einen pers\u00f6nlichen Service, um einen anspruchsvollen und kundenorientierten Ansatz zu bieten. Unser Engagement besteht darin, jeden Kunden mit Hingabe, Fachwissen und der Sicherheit zu begleiten, mit Profis zusammenzuarbeiten, die den Markt und [&hellip;]\" \/>\n<meta property=\"og:url\" content=\"https:\/\/heynedarderrealestate.com\/de\/ueber-uns\/\" \/>\n<meta property=\"og:site_name\" content=\"Heyne &amp; Darder | Exclusive Real Estate\" \/>\n<meta property=\"article:publisher\" content=\"https:\/\/www.facebook.com\/profile.php?id=100064828940635&amp;locale=es_ES\" \/>\n<meta property=\"article:modified_time\" content=\"2025-12-11T16:05:01+00:00\" \/>\n<meta name=\"twitter:card\" content=\"summary_large_image\" \/>\n<meta name=\"twitter:label1\" content=\"Gesch\u00e4tzte Lesezeit\" \/>\n\t<meta name=\"twitter:data1\" content=\"3\u00a0Minuten\" \/>\n<script type=\"application\/ld+json\" class=\"yoast-schema-graph\">{\"@context\":\"https:\/\/schema.org\",\"@graph\":[{\"@type\":\"WebPage\",\"@id\":\"https:\/\/heynedarderrealestate.com\/de\/ueber-uns\/\",\"url\":\"https:\/\/heynedarderrealestate.com\/de\/ueber-uns\/\",\"name\":\"\u00dcber uns - Heyne &amp; Darder | Exclusive Real Estate\",\"isPartOf\":{\"@id\":\"https:\/\/heynedarderrealestate.com\/#website\"},\"primaryImageOfPage\":{\"@id\":\"https:\/\/heynedarderrealestate.com\/de\/ueber-uns\/#primaryimage\"},\"image\":{\"@id\":\"https:\/\/heynedarderrealestate.com\/de\/ueber-uns\/#primaryimage\"},\"thumbnailUrl\":\"https:\/\/heynedarderrealestate.com\/wp-content\/uploads\/2025\/12\/Recurso-1.svg\",\"datePublished\":\"2025-11-26T10:37:03+00:00\",\"dateModified\":\"2025-12-11T16:05:01+00:00\",\"breadcrumb\":{\"@id\":\"https:\/\/heynedarderrealestate.com\/de\/ueber-uns\/#breadcrumb\"},\"inLanguage\":\"de\",\"potentialAction\":[{\"@type\":\"ReadAction\",\"target\":[\"https:\/\/heynedarderrealestate.com\/de\/ueber-uns\/\"]}]},{\"@type\":\"ImageObject\",\"inLanguage\":\"de\",\"@id\":\"https:\/\/heynedarderrealestate.com\/de\/ueber-uns\/#primaryimage\",\"url\":\"https:\/\/heynedarderrealestate.com\/wp-content\/uploads\/2025\/12\/Recurso-1.svg\",\"contentUrl\":\"https:\/\/heynedarderrealestate.com\/wp-content\/uploads\/2025\/12\/Recurso-1.svg\"},{\"@type\":\"BreadcrumbList\",\"@id\":\"https:\/\/heynedarderrealestate.com\/de\/ueber-uns\/#breadcrumb\",\"itemListElement\":[{\"@type\":\"ListItem\",\"position\":1,\"name\":\"Portada\",\"item\":\"https:\/\/heynedarderrealestate.com\/\"},{\"@type\":\"ListItem\",\"position\":2,\"name\":\"\u00dcber uns\"}]},{\"@type\":\"WebSite\",\"@id\":\"https:\/\/heynedarderrealestate.com\/#website\",\"url\":\"https:\/\/heynedarderrealestate.com\/\",\"name\":\"Heyne & Darder | Exclusive Real Estate\",\"description\":\"Discover exclusive properties in Mallorca \u2014 villas, penthouses and dream homes with sea or mountain views. Heyne &amp; Darder Real Estate provides personalized guidance, curated listings and international service. Explore now and find your perfect Mallorca home.\",\"publisher\":{\"@id\":\"https:\/\/heynedarderrealestate.com\/#organization\"},\"potentialAction\":[{\"@type\":\"SearchAction\",\"target\":{\"@type\":\"EntryPoint\",\"urlTemplate\":\"https:\/\/heynedarderrealestate.com\/?s={search_term_string}\"},\"query-input\":{\"@type\":\"PropertyValueSpecification\",\"valueRequired\":true,\"valueName\":\"search_term_string\"}}],\"inLanguage\":\"de\"},{\"@type\":\"Organization\",\"@id\":\"https:\/\/heynedarderrealestate.com\/#organization\",\"name\":\"Heyne & Darder | Exclusive Real Estate\",\"url\":\"https:\/\/heynedarderrealestate.com\/\",\"logo\":{\"@type\":\"ImageObject\",\"inLanguage\":\"de\",\"@id\":\"https:\/\/heynedarderrealestate.com\/#\/schema\/logo\/image\/\",\"url\":\"https:\/\/heynedarderrealestate.com\/wp-content\/uploads\/2025\/11\/Recurso-5HEYNEDARDER.png\",\"contentUrl\":\"https:\/\/heynedarderrealestate.com\/wp-content\/uploads\/2025\/11\/Recurso-5HEYNEDARDER.png\",\"width\":226,\"height\":230,\"caption\":\"Heyne & Darder | Exclusive Real Estate\"},\"image\":{\"@id\":\"https:\/\/heynedarderrealestate.com\/#\/schema\/logo\/image\/\"},\"sameAs\":[\"https:\/\/www.facebook.com\/profile.php?id=100064828940635&locale=es_ES\",\"https:\/\/www.instagram.com\/heyne_darder_real_estate\/\"]}]}<\/script>\n<!-- \/ Yoast SEO plugin. -->","yoast_head_json":{"title":"\u00dcber uns - Heyne &amp; Darder | Exclusive Real Estate","robots":{"index":"index","follow":"follow","max-snippet":"max-snippet:-1","max-image-preview":"max-image-preview:large","max-video-preview":"max-video-preview:-1"},"canonical":"https:\/\/heynedarderrealestate.com\/de\/ueber-uns\/","og_locale":"de_DE","og_type":"article","og_title":"\u00dcber uns - Heyne &amp; Darder | Exclusive Real Estate","og_description":"Wer wir sind Heyne &amp; Darder ist eine Immobilienagentur, die sich auf exklusive Immobilien auf Mallorca spezialisiert hat. Wir verbinden Erfahrung, Transparenz und einen pers\u00f6nlichen Service, um einen anspruchsvollen und kundenorientierten Ansatz zu bieten. Unser Engagement besteht darin, jeden Kunden mit Hingabe, Fachwissen und der Sicherheit zu begleiten, mit Profis zusammenzuarbeiten, die den Markt und [&hellip;]","og_url":"https:\/\/heynedarderrealestate.com\/de\/ueber-uns\/","og_site_name":"Heyne &amp; Darder | Exclusive Real Estate","article_publisher":"https:\/\/www.facebook.com\/profile.php?id=100064828940635&locale=es_ES","article_modified_time":"2025-12-11T16:05:01+00:00","twitter_card":"summary_large_image","twitter_misc":{"Gesch\u00e4tzte Lesezeit":"3\u00a0Minuten"},"schema":{"@context":"https:\/\/schema.org","@graph":[{"@type":"WebPage","@id":"https:\/\/heynedarderrealestate.com\/de\/ueber-uns\/","url":"https:\/\/heynedarderrealestate.com\/de\/ueber-uns\/","name":"\u00dcber uns - Heyne &amp; Darder | Exclusive Real Estate","isPartOf":{"@id":"https:\/\/heynedarderrealestate.com\/#website"},"primaryImageOfPage":{"@id":"https:\/\/heynedarderrealestate.com\/de\/ueber-uns\/#primaryimage"},"image":{"@id":"https:\/\/heynedarderrealestate.com\/de\/ueber-uns\/#primaryimage"},"thumbnailUrl":"https:\/\/heynedarderrealestate.com\/wp-content\/uploads\/2025\/12\/Recurso-1.svg","datePublished":"2025-11-26T10:37:03+00:00","dateModified":"2025-12-11T16:05:01+00:00","breadcrumb":{"@id":"https:\/\/heynedarderrealestate.com\/de\/ueber-uns\/#breadcrumb"},"inLanguage":"de","potentialAction":[{"@type":"ReadAction","target":["https:\/\/heynedarderrealestate.com\/de\/ueber-uns\/"]}]},{"@type":"ImageObject","inLanguage":"de","@id":"https:\/\/heynedarderrealestate.com\/de\/ueber-uns\/#primaryimage","url":"https:\/\/heynedarderrealestate.com\/wp-content\/uploads\/2025\/12\/Recurso-1.svg","contentUrl":"https:\/\/heynedarderrealestate.com\/wp-content\/uploads\/2025\/12\/Recurso-1.svg"},{"@type":"BreadcrumbList","@id":"https:\/\/heynedarderrealestate.com\/de\/ueber-uns\/#breadcrumb","itemListElement":[{"@type":"ListItem","position":1,"name":"Portada","item":"https:\/\/heynedarderrealestate.com\/"},{"@type":"ListItem","position":2,"name":"\u00dcber uns"}]},{"@type":"WebSite","@id":"https:\/\/heynedarderrealestate.com\/#website","url":"https:\/\/heynedarderrealestate.com\/","name":"Heyne & Darder | Exclusive Real Estate","description":"Discover exclusive properties in Mallorca \u2014 villas, penthouses and dream homes with sea or mountain views. Heyne &amp; Darder Real Estate provides personalized guidance, curated listings and international service. Explore now and find your perfect Mallorca home.","publisher":{"@id":"https:\/\/heynedarderrealestate.com\/#organization"},"potentialAction":[{"@type":"SearchAction","target":{"@type":"EntryPoint","urlTemplate":"https:\/\/heynedarderrealestate.com\/?s={search_term_string}"},"query-input":{"@type":"PropertyValueSpecification","valueRequired":true,"valueName":"search_term_string"}}],"inLanguage":"de"},{"@type":"Organization","@id":"https:\/\/heynedarderrealestate.com\/#organization","name":"Heyne & Darder | Exclusive Real Estate","url":"https:\/\/heynedarderrealestate.com\/","logo":{"@type":"ImageObject","inLanguage":"de","@id":"https:\/\/heynedarderrealestate.com\/#\/schema\/logo\/image\/","url":"https:\/\/heynedarderrealestate.com\/wp-content\/uploads\/2025\/11\/Recurso-5HEYNEDARDER.png","contentUrl":"https:\/\/heynedarderrealestate.com\/wp-content\/uploads\/2025\/11\/Recurso-5HEYNEDARDER.png","width":226,"height":230,"caption":"Heyne & Darder | Exclusive Real Estate"},"image":{"@id":"https:\/\/heynedarderrealestate.com\/#\/schema\/logo\/image\/"},"sameAs":["https:\/\/www.facebook.com\/profile.php?id=100064828940635&locale=es_ES","https:\/\/www.instagram.com\/heyne_darder_real_estate\/"]}]}},"_links":{"self":[{"href":"https:\/\/heynedarderrealestate.com\/de\/wp-json\/wp\/v2\/pages\/10755","targetHints":{"allow":["GET"]}}],"collection":[{"href":"https:\/\/heynedarderrealestate.com\/de\/wp-json\/wp\/v2\/pages"}],"about":[{"href":"https:\/\/heynedarderrealestate.com\/de\/wp-json\/wp\/v2\/types\/page"}],"author":[{"embeddable":true,"href":"https:\/\/heynedarderrealestate.com\/de\/wp-json\/wp\/v2\/users\/1"}],"replies":[{"embeddable":true,"href":"https:\/\/heynedarderrealestate.com\/de\/wp-json\/wp\/v2\/comments?post=10755"}],"version-history":[{"count":0,"href":"https:\/\/heynedarderrealestate.com\/de\/wp-json\/wp\/v2\/pages\/10755\/revisions"}],"wp:attachment":[{"href":"https:\/\/heynedarderrealestate.com\/de\/wp-json\/wp\/v2\/media?parent=10755"}],"curies":[{"name":"wp","href":"https:\/\/api.w.org\/{rel}","templated":true}]}}